{"id":20,"date":"2019-11-22T17:23:48","date_gmt":"2019-11-22T17:23:48","guid":{"rendered":"https:\/\/x-theme.net\/avas-construction\/?page_id=20"},"modified":"2024-01-19T19:05:29","modified_gmt":"2024-01-19T16:05:29","slug":"iletisim","status":"publish","type":"page","link":"https:\/\/taskardeslerhurda.com\/index.php\/iletisim\/","title":{"rendered":"\u0130leti\u015fim"},"content":{"rendered":"\t\t<div data-elementor-type=\"wp-page\" data-elementor-id=\"20\" class=\"elementor elementor-20\">\n\t\t\t\t\t\t\t\t\t<section class=\"elementor-section elementor-top-section elementor-element elementor-element-53b3011f elementor-section-stretched elementor-section-boxed elementor-section-height-default elementor-section-height-default\" data-id=\"53b3011f\" data-element_type=\"section\" data-settings=\"{&quot;stretch_section&quot;:&quot;section-stretched&quot;}\">\n\t\t\t\t\t\t<div class=\"elementor-container elementor-column-gap-default\">\n\t\t\t\t\t<div class=\"elementor-column elementor-col-33 elementor-top-column elementor-element elementor-element-3e4de15c\" data-id=\"3e4de15c\" data-element_type=\"column\">\n\t\t\t<div class=\"elementor-widget-wrap elementor-element-populated\">\n\t\t\t\t\t\t\t\t<div class=\"elementor-element elementor-element-5c3f1d5a tx-hd-align-center elementor-widget elementor-widget-avas-heading\" data-id=\"5c3f1d5a\" data-element_type=\"widget\" data-widget_type=\"avas-heading.default\">\n\t\t\t\t<div class=\"elementor-widget-container\">\n\t\t\t        <div class=\"tx-hd-wrap\">\n\n            <div class=\"tx-hd-wm\">Adres<\/div>\n\n            \n            <div class=\"tx-hd-sub\"><\/div>\n                        <h2 class=\"tx-hd-title\">\n                <span class=\"tx-hd-first-part\">Adres<\/span>\n                <span class=\"tx-hd-last-part\"><\/span>\n            <\/h2>    \n            \n            <div class=\"tx-hd-desc\"><p>Ta\u015f Karde\u015fler Hurda ve geri d\u00f6n\u00fc\u015f\u00fcme ileti\u015fim \u00e7ok kolay.<\/p><\/div>\n\n\n                   \n        <\/div><!-- tx-hd-wrap -->\n\n\n\n\n\n\n\n\n\t\t<\/div>\n\t\t\t\t<\/div>\n\t\t\t\t<div class=\"elementor-element elementor-element-2fe69250 elementor-widget elementor-widget-heading\" data-id=\"2fe69250\" data-element_type=\"widget\" data-widget_type=\"heading.default\">\n\t\t\t\t<div class=\"elementor-widget-container\">\n\t\t\t<style>\/*! elementor - v3.18.0 - 20-12-2023 *\/\n.elementor-heading-title{padding:0;margin:0;line-height:1}.elementor-widget-heading .elementor-heading-title[class*=elementor-size-]>a{color:inherit;font-size:inherit;line-height:inherit}.elementor-widget-heading .elementor-heading-title.elementor-size-small{font-size:15px}.elementor-widget-heading .elementor-heading-title.elementor-size-medium{font-size:19px}.elementor-widget-heading .elementor-heading-title.elementor-size-large{font-size:29px}.elementor-widget-heading .elementor-heading-title.elementor-size-xl{font-size:39px}.elementor-widget-heading .elementor-heading-title.elementor-size-xxl{font-size:59px}<\/style><p class=\"elementor-heading-title elementor-size-default\">Kepez Zeytinlik Mh. Hurdac\u0131lar Sit. 7625Sk. No:9 Kepez \/ Antalya<\/p>\t\t<\/div>\n\t\t\t\t<\/div>\n\t\t\t\t\t<\/div>\n\t\t<\/div>\n\t\t\t\t<div class=\"elementor-column elementor-col-33 elementor-top-column elementor-element elementor-element-17169afc\" data-id=\"17169afc\" data-element_type=\"column\">\n\t\t\t<div class=\"elementor-widget-wrap elementor-element-populated\">\n\t\t\t\t\t\t\t\t<div class=\"elementor-element elementor-element-3f8db948 tx-hd-align-center elementor-widget elementor-widget-avas-heading\" data-id=\"3f8db948\" data-element_type=\"widget\" data-widget_type=\"avas-heading.default\">\n\t\t\t\t<div class=\"elementor-widget-container\">\n\t\t\t        <div class=\"tx-hd-wrap\">\n\n            <div class=\"tx-hd-wm\">Telefon<\/div>\n\n            \n            <div class=\"tx-hd-sub\"><\/div>\n                        <h2 class=\"tx-hd-title\">\n                <span class=\"tx-hd-first-part\">Telefon<\/span>\n                <span class=\"tx-hd-last-part\"><\/span>\n            <\/h2>    \n            \n            <div class=\"tx-hd-desc\"><p>Bizi T\u00fcm Mesai Saatleri i\u00e7inde arayabilirsiniz.<\/p><\/div>\n\n\n                   \n        <\/div><!-- tx-hd-wrap -->\n\n\n\n\n\n\n\n\n\t\t<\/div>\n\t\t\t\t<\/div>\n\t\t\t\t<div class=\"elementor-element elementor-element-128bcc53 elementor-widget elementor-widget-heading\" data-id=\"128bcc53\" data-element_type=\"widget\" data-widget_type=\"heading.default\">\n\t\t\t\t<div class=\"elementor-widget-container\">\n\t\t\t<p class=\"elementor-heading-title elementor-size-default\">+90 538 070 29 53<\/p>\t\t<\/div>\n\t\t\t\t<\/div>\n\t\t\t\t\t<\/div>\n\t\t<\/div>\n\t\t\t\t<div class=\"elementor-column elementor-col-33 elementor-top-column elementor-element elementor-element-7da5ae28\" data-id=\"7da5ae28\" data-element_type=\"column\">\n\t\t\t<div class=\"elementor-widget-wrap elementor-element-populated\">\n\t\t\t\t\t\t\t\t<div class=\"elementor-element elementor-element-1f29bd36 tx-hd-align-center elementor-widget elementor-widget-avas-heading\" data-id=\"1f29bd36\" data-element_type=\"widget\" data-widget_type=\"avas-heading.default\">\n\t\t\t\t<div class=\"elementor-widget-container\">\n\t\t\t        <div class=\"tx-hd-wrap\">\n\n            <div class=\"tx-hd-wm\">E-mail<\/div>\n\n            \n            <div class=\"tx-hd-sub\"><\/div>\n                        <h2 class=\"tx-hd-title\">\n                <span class=\"tx-hd-first-part\">EMAIL<\/span>\n                <span class=\"tx-hd-last-part\"><\/span>\n            <\/h2>    \n            \n            <div class=\"tx-hd-desc\"><p>Bize T\u00fcm soru ve g\u00f6r\u00fc\u015fleriniz i\u00e7in mail atabilirsiniz.<\/p><\/div>\n\n\n                   \n        <\/div><!-- tx-hd-wrap -->\n\n\n\n\n\n\n\n\n\t\t<\/div>\n\t\t\t\t<\/div>\n\t\t\t\t<div class=\"elementor-element elementor-element-224951bb elementor-widget elementor-widget-heading\" data-id=\"224951bb\" data-element_type=\"widget\" data-widget_type=\"heading.default\">\n\t\t\t\t<div class=\"elementor-widget-container\">\n\t\t\t<p class=\"elementor-heading-title elementor-size-default\">info@taskardeslerhurda.com<\/p>\t\t<\/div>\n\t\t\t\t<\/div>\n\t\t\t\t\t<\/div>\n\t\t<\/div>\n\t\t\t\t\t\t\t<\/div>\n\t\t<\/section>\n\t\t<div class=\"elementor-element elementor-element-82aa027 e-flex e-con-boxed e-con e-parent\" data-id=\"82aa027\" data-element_type=\"container\" data-settings=\"{&quot;content_width&quot;:&quot;boxed&quot;}\" data-core-v316-plus=\"true\">\n\t\t\t\t\t<div class=\"e-con-inner\">\n\t\t\t\t<div class=\"elementor-element elementor-element-7ffb192 elementor-widget elementor-widget-spacer\" data-id=\"7ffb192\" data-element_type=\"widget\" data-widget_type=\"spacer.default\">\n\t\t\t\t<div class=\"elementor-widget-container\">\n\t\t\t<style>\/*! elementor - v3.18.0 - 20-12-2023 *\/\n.elementor-column .elementor-spacer-inner{height:var(--spacer-size)}.e-con{--container-widget-width:100%}.e-con-inner>.elementor-widget-spacer,.e-con>.elementor-widget-spacer{width:var(--container-widget-width,var(--spacer-size));--align-self:var(--container-widget-align-self,initial);--flex-shrink:0}.e-con-inner>.elementor-widget-spacer>.elementor-widget-container,.e-con>.elementor-widget-spacer>.elementor-widget-container{height:100%;width:100%}.e-con-inner>.elementor-widget-spacer>.elementor-widget-container>.elementor-spacer,.e-con>.elementor-widget-spacer>.elementor-widget-container>.elementor-spacer{height:100%}.e-con-inner>.elementor-widget-spacer>.elementor-widget-container>.elementor-spacer>.elementor-spacer-inner,.e-con>.elementor-widget-spacer>.elementor-widget-container>.elementor-spacer>.elementor-spacer-inner{height:var(--container-widget-height,var(--spacer-size))}.e-con-inner>.elementor-widget-spacer.elementor-widget-empty,.e-con>.elementor-widget-spacer.elementor-widget-empty{position:relative;min-height:22px;min-width:22px}.e-con-inner>.elementor-widget-spacer.elementor-widget-empty .elementor-widget-empty-icon,.e-con>.elementor-widget-spacer.elementor-widget-empty .elementor-widget-empty-icon{position:absolute;top:0;bottom:0;left:0;right:0;margin:auto;padding:0;width:22px;height:22px}<\/style>\t\t<div class=\"elementor-spacer\">\n\t\t\t<div class=\"elementor-spacer-inner\"><\/div>\n\t\t<\/div>\n\t\t\t\t<\/div>\n\t\t\t\t<\/div>\n\t\t\t\t\t<\/div>\n\t\t\t\t<\/div>\n\t\t\t\t\t\t\t<\/div>\n\t\t","protected":false},"excerpt":{"rendered":"<p class=\"tx-excerpt\">Adres Adres Ta\u015f Karde\u015fler Hurda ve geri d\u00f6n\u00fc\u015f\u00fcme ileti\u015fim \u00e7ok kolay. Kepez Zeytinlik Mh. Hurdac\u0131lar Sit. 7625Sk. No:9 Kepez \/ Antalya Telefon Telefon Bizi T\u00fcm Mesai Saatleri i\u00e7inde arayabilirsiniz. +90 538 070 29","protected":false},"author":1,"featured_media":0,"parent":0,"menu_order":0,"comment_status":"closed","ping_status":"closed","template":"templates\/blank.php","meta":{"footnotes":""},"yoast_head":"<!-- This site is optimized with the Yoast SEO plugin v22.1 - https:\/\/yoast.com\/wordpress\/plugins\/seo\/ -->\n<title>\u0130leti\u015fim - taskardesler hurda<\/title>\n<meta name=\"robots\" content=\"index, follow, max-snippet:-1, max-image-preview:large, max-video-preview:-1\" \/>\n<link rel=\"canonical\" href=\"https:\/\/taskardeslerhurda.com\/index.php\/iletisim\/\" \/>\n<meta property=\"og:locale\" content=\"tr_TR\" \/>\n<meta property=\"og:type\" content=\"article\" \/>\n<meta property=\"og:title\" content=\"\u0130leti\u015fim - taskardesler hurda\" \/>\n<meta property=\"og:description\" content=\"Adres Adres Ta\u015f Karde\u015fler Hurda ve geri d\u00f6n\u00fc\u015f\u00fcme ileti\u015fim \u00e7ok kolay. Kepez Zeytinlik Mh. Hurdac\u0131lar Sit. 7625Sk. No:9 Kepez \/ Antalya Telefon Telefon Bizi T\u00fcm Mesai Saatleri i\u00e7inde arayabilirsiniz. +90 538 070 29 53 E-mail EMAIL Bize T\u00fcm soru ve g\u00f6r\u00fc\u015fleriniz i\u00e7in mail atabilirsiniz. info@taskardeslerhurda.com\" \/>\n<meta property=\"og:url\" content=\"https:\/\/taskardeslerhurda.com\/index.php\/iletisim\/\" \/>\n<meta property=\"og:site_name\" content=\"taskardesler hurda\" \/>\n<meta property=\"article:modified_time\" content=\"2024-01-19T16:05:29+00:00\" \/>\n<meta name=\"twitter:card\" content=\"summary_large_image\" \/>\n<script type=\"application\/ld+json\" class=\"yoast-schema-graph\">{\"@context\":\"https:\/\/schema.org\",\"@graph\":[{\"@type\":\"WebPage\",\"@id\":\"https:\/\/taskardeslerhurda.com\/index.php\/iletisim\/\",\"url\":\"https:\/\/taskardeslerhurda.com\/index.php\/iletisim\/\",\"name\":\"\u0130leti\u015fim - taskardesler hurda\",\"isPartOf\":{\"@id\":\"https:\/\/taskardeslerhurda.com\/#website\"},\"datePublished\":\"2019-11-22T17:23:48+00:00\",\"dateModified\":\"2024-01-19T16:05:29+00:00\",\"breadcrumb\":{\"@id\":\"https:\/\/taskardeslerhurda.com\/index.php\/iletisim\/#breadcrumb\"},\"inLanguage\":\"tr\",\"potentialAction\":[{\"@type\":\"ReadAction\",\"target\":[\"https:\/\/taskardeslerhurda.com\/index.php\/iletisim\/\"]}]},{\"@type\":\"BreadcrumbList\",\"@id\":\"https:\/\/taskardeslerhurda.com\/index.php\/iletisim\/#breadcrumb\",\"itemListElement\":[{\"@type\":\"ListItem\",\"position\":1,\"name\":\"Anasayfa\",\"item\":\"https:\/\/taskardeslerhurda.com\/\"},{\"@type\":\"ListItem\",\"position\":2,\"name\":\"\u0130leti\u015fim\"}]},{\"@type\":\"WebSite\",\"@id\":\"https:\/\/taskardeslerhurda.com\/#website\",\"url\":\"https:\/\/taskardeslerhurda.com\/\",\"name\":\"taskardesler hurda\",\"description\":\"\",\"publisher\":{\"@id\":\"https:\/\/taskardeslerhurda.com\/#organization\"},\"potentialAction\":[{\"@type\":\"SearchAction\",\"target\":{\"@type\":\"EntryPoint\",\"urlTemplate\":\"https:\/\/taskardeslerhurda.com\/?s={search_term_string}\"},\"query-input\":\"required name=search_term_string\"}],\"inLanguage\":\"tr\"},{\"@type\":\"Organization\",\"@id\":\"https:\/\/taskardeslerhurda.com\/#organization\",\"name\":\"taskardesler hurda\",\"url\":\"https:\/\/taskardeslerhurda.com\/\",\"logo\":{\"@type\":\"ImageObject\",\"inLanguage\":\"tr\",\"@id\":\"https:\/\/taskardeslerhurda.com\/#\/schema\/logo\/image\/\",\"url\":\"https:\/\/taskardeslerhurda.com\/wp-content\/uploads\/2024\/01\/TasKardeslerLogo-1.png\",\"contentUrl\":\"https:\/\/taskardeslerhurda.com\/wp-content\/uploads\/2024\/01\/TasKardeslerLogo-1.png\",\"width\":8000,\"height\":4500,\"caption\":\"taskardesler hurda\"},\"image\":{\"@id\":\"https:\/\/taskardeslerhurda.com\/#\/schema\/logo\/image\/\"}}]}<\/script>\n<!-- \/ Yoast SEO plugin. -->","yoast_head_json":{"title":"\u0130leti\u015fim - taskardesler hurda","robots":{"index":"index","follow":"follow","max-snippet":"max-snippet:-1","max-image-preview":"max-image-preview:large","max-video-preview":"max-video-preview:-1"},"canonical":"https:\/\/taskardeslerhurda.com\/index.php\/iletisim\/","og_locale":"tr_TR","og_type":"article","og_title":"\u0130leti\u015fim - taskardesler hurda","og_description":"Adres Adres Ta\u015f Karde\u015fler Hurda ve geri d\u00f6n\u00fc\u015f\u00fcme ileti\u015fim \u00e7ok kolay. Kepez Zeytinlik Mh. Hurdac\u0131lar Sit. 7625Sk. No:9 Kepez \/ Antalya Telefon Telefon Bizi T\u00fcm Mesai Saatleri i\u00e7inde arayabilirsiniz. +90 538 070 29 53 E-mail EMAIL Bize T\u00fcm soru ve g\u00f6r\u00fc\u015fleriniz i\u00e7in mail atabilirsiniz. info@taskardeslerhurda.com","og_url":"https:\/\/taskardeslerhurda.com\/index.php\/iletisim\/","og_site_name":"taskardesler hurda","article_modified_time":"2024-01-19T16:05:29+00:00","twitter_card":"summary_large_image","schema":{"@context":"https:\/\/schema.org","@graph":[{"@type":"WebPage","@id":"https:\/\/taskardeslerhurda.com\/index.php\/iletisim\/","url":"https:\/\/taskardeslerhurda.com\/index.php\/iletisim\/","name":"\u0130leti\u015fim - taskardesler hurda","isPartOf":{"@id":"https:\/\/taskardeslerhurda.com\/#website"},"datePublished":"2019-11-22T17:23:48+00:00","dateModified":"2024-01-19T16:05:29+00:00","breadcrumb":{"@id":"https:\/\/taskardeslerhurda.com\/index.php\/iletisim\/#breadcrumb"},"inLanguage":"tr","potentialAction":[{"@type":"ReadAction","target":["https:\/\/taskardeslerhurda.com\/index.php\/iletisim\/"]}]},{"@type":"BreadcrumbList","@id":"https:\/\/taskardeslerhurda.com\/index.php\/iletisim\/#breadcrumb","itemListElement":[{"@type":"ListItem","position":1,"name":"Anasayfa","item":"https:\/\/taskardeslerhurda.com\/"},{"@type":"ListItem","position":2,"name":"\u0130leti\u015fim"}]},{"@type":"WebSite","@id":"https:\/\/taskardeslerhurda.com\/#website","url":"https:\/\/taskardeslerhurda.com\/","name":"taskardesler hurda","description":"","publisher":{"@id":"https:\/\/taskardeslerhurda.com\/#organization"},"potentialAction":[{"@type":"SearchAction","target":{"@type":"EntryPoint","urlTemplate":"https:\/\/taskardeslerhurda.com\/?s={search_term_string}"},"query-input":"required name=search_term_string"}],"inLanguage":"tr"},{"@type":"Organization","@id":"https:\/\/taskardeslerhurda.com\/#organization","name":"taskardesler hurda","url":"https:\/\/taskardeslerhurda.com\/","logo":{"@type":"ImageObject","inLanguage":"tr","@id":"https:\/\/taskardeslerhurda.com\/#\/schema\/logo\/image\/","url":"https:\/\/taskardeslerhurda.com\/wp-content\/uploads\/2024\/01\/TasKardeslerLogo-1.png","contentUrl":"https:\/\/taskardeslerhurda.com\/wp-content\/uploads\/2024\/01\/TasKardeslerLogo-1.png","width":8000,"height":4500,"caption":"taskardesler hurda"},"image":{"@id":"https:\/\/taskardeslerhurda.com\/#\/schema\/logo\/image\/"}}]}},"_links":{"self":[{"href":"https:\/\/taskardeslerhurda.com\/index.php\/wp-json\/wp\/v2\/pages\/20"}],"collection":[{"href":"https:\/\/taskardeslerhurda.com\/index.php\/wp-json\/wp\/v2\/pages"}],"about":[{"href":"https:\/\/taskardeslerhurda.com\/index.php\/wp-json\/wp\/v2\/types\/page"}],"author":[{"embeddable":true,"href":"https:\/\/taskardeslerhurda.com\/index.php\/wp-json\/wp\/v2\/users\/1"}],"replies":[{"embeddable":true,"href":"https:\/\/taskardeslerhurda.com\/index.php\/wp-json\/wp\/v2\/comments?post=20"}],"version-history":[{"count":4,"href":"https:\/\/taskardeslerhurda.com\/index.php\/wp-json\/wp\/v2\/pages\/20\/revisions"}],"predecessor-version":[{"id":3501,"href":"https:\/\/taskardeslerhurda.com\/index.php\/wp-json\/wp\/v2\/pages\/20\/revisions\/3501"}],"wp:attachment":[{"href":"https:\/\/taskardeslerhurda.com\/index.php\/wp-json\/wp\/v2\/media?parent=20"}],"curies":[{"name":"wp","href":"https:\/\/api.w.org\/{rel}","templated":true}]}}