{"id":12,"date":"2019-11-22T17:17:28","date_gmt":"2019-11-22T17:17:28","guid":{"rendered":"https:\/\/x-theme.net\/avas-construction\/?page_id=12"},"modified":"2024-01-19T19:00:12","modified_gmt":"2024-01-19T16:00:12","slug":"hakkimizda","status":"publish","type":"page","link":"https:\/\/taskardeslerhurda.com\/index.php\/hakkimizda\/","title":{"rendered":"Hakk\u0131m\u0131zda"},"content":{"rendered":"\t\t<div data-elementor-type=\"wp-page\" data-elementor-id=\"12\" class=\"elementor elementor-12\">\n\t\t\t\t\t\t\t\t\t<section class=\"elementor-section elementor-top-section elementor-element elementor-element-8e2fd99 elementor-section-stretched elementor-section-boxed elementor-section-height-default elementor-section-height-default\" data-id=\"8e2fd99\" data-element_type=\"section\" data-settings=\"{&quot;stretch_section&quot;:&quot;section-stretched&quot;}\">\n\t\t\t\t\t\t<div class=\"elementor-container elementor-column-gap-default\">\n\t\t\t\t\t<div class=\"elementor-column elementor-col-100 elementor-top-column elementor-element elementor-element-936931f\" data-id=\"936931f\" data-element_type=\"column\">\n\t\t\t<div class=\"elementor-widget-wrap elementor-element-populated\">\n\t\t\t\t\t\t\t\t<div class=\"elementor-element elementor-element-776262f tx-hd-align-center elementor-widget elementor-widget-avas-heading\" data-id=\"776262f\" data-element_type=\"widget\" data-widget_type=\"avas-heading.default\">\n\t\t\t\t<div class=\"elementor-widget-container\">\n\t\t\t        <div class=\"tx-hd-wrap\">\n\n            <div class=\"tx-hd-wm\"><\/div>\n\n            \n            <div class=\"tx-hd-sub\"><\/div>\n                        <h2 class=\"tx-hd-title\">\n                <span class=\"tx-hd-first-part\">Biz<\/span>\n                <span class=\"tx-hd-last-part\">Kimiz?<\/span>\n            <\/h2>    \n            \n            <div class=\"tx-hd-desc\"><p>Ta\u015fkarde\u015fler Hurda ve geri d\u00f6n\u00fc\u015f\u00fcm firmas\u0131 olarak siz de\u011ferli m\u00fc\u015fterilerimize her zaman g\u00fcven vermi\u015ftir , De\u011ferinde al\u0131nan ikinci el e\u015fya veya hurdalar\u0131n\u0131z\u0131 her zaman en iyi de\u011ferlerini koruyarak sizlere en iyi teklifleri sunmu\u015ftur.<\/p><\/div>\n\n\n                   \n        <\/div><!-- tx-hd-wrap -->\n\n\n\n\n\n\n\n\n\t\t<\/div>\n\t\t\t\t<\/div>\n\t\t\t\t<section class=\"elementor-section elementor-inner-section elementor-element elementor-element-0442c74 elementor-section-boxed elementor-section-height-default elementor-section-height-default\" data-id=\"0442c74\" data-element_type=\"section\">\n\t\t\t\t\t\t<div class=\"elementor-container elementor-column-gap-default\">\n\t\t\t\t\t<div class=\"elementor-column elementor-col-50 elementor-inner-column elementor-element elementor-element-738e4af\" data-id=\"738e4af\" data-element_type=\"column\">\n\t\t\t<div class=\"elementor-widget-wrap elementor-element-populated\">\n\t\t\t\t\t\t\t\t<div class=\"elementor-element elementor-element-804536b elementor-widget elementor-widget-image\" data-id=\"804536b\" data-element_type=\"widget\" data-widget_type=\"image.default\">\n\t\t\t\t<div class=\"elementor-widget-container\">\n\t\t\t<style>\/*! elementor - v3.18.0 - 20-12-2023 *\/\n.elementor-widget-image{text-align:center}.elementor-widget-image a{display:inline-block}.elementor-widget-image a img[src$=\".svg\"]{width:48px}.elementor-widget-image img{vertical-align:middle;display:inline-block}<\/style>\t\t\t\t\t\t\t\t\t\t\t\t<img fetchpriority=\"high\" decoding=\"async\" width=\"902\" height=\"1091\" src=\"https:\/\/taskardeslerhurda.com\/wp-content\/uploads\/2024\/01\/antalya-hurdaci-tas-kardesler-1.jpg\" class=\"attachment-full size-full wp-image-3490\" alt=\"\" srcset=\"https:\/\/taskardeslerhurda.com\/wp-content\/uploads\/2024\/01\/antalya-hurdaci-tas-kardesler-1.jpg 902w, https:\/\/taskardeslerhurda.com\/wp-content\/uploads\/2024\/01\/antalya-hurdaci-tas-kardesler-1-248x300.jpg 248w, https:\/\/taskardeslerhurda.com\/wp-content\/uploads\/2024\/01\/antalya-hurdaci-tas-kardesler-1-847x1024.jpg 847w, https:\/\/taskardeslerhurda.com\/wp-content\/uploads\/2024\/01\/antalya-hurdaci-tas-kardesler-1-768x929.jpg 768w, https:\/\/taskardeslerhurda.com\/wp-content\/uploads\/2024\/01\/antalya-hurdaci-tas-kardesler-1-66x80.jpg 66w, https:\/\/taskardeslerhurda.com\/wp-content\/uploads\/2024\/01\/antalya-hurdaci-tas-kardesler-1-360x435.jpg 360w, https:\/\/taskardeslerhurda.com\/wp-content\/uploads\/2024\/01\/antalya-hurdaci-tas-kardesler-1-373x451.jpg 373w, https:\/\/taskardeslerhurda.com\/wp-content\/uploads\/2024\/01\/antalya-hurdaci-tas-kardesler-1-620x750.jpg 620w, https:\/\/taskardeslerhurda.com\/wp-content\/uploads\/2024\/01\/antalya-hurdaci-tas-kardesler-1-460x556.jpg 460w, https:\/\/taskardeslerhurda.com\/wp-content\/uploads\/2024\/01\/antalya-hurdaci-tas-kardesler-1-365x441.jpg 365w, https:\/\/taskardeslerhurda.com\/wp-content\/uploads\/2024\/01\/antalya-hurdaci-tas-kardesler-1-300x363.jpg 300w\" sizes=\"(max-width: 902px) 100vw, 902px\" \/>\t\t\t\t\t\t\t\t\t\t\t\t\t\t\t<\/div>\n\t\t\t\t<\/div>\n\t\t\t\t\t<\/div>\n\t\t<\/div>\n\t\t\t\t<div class=\"elementor-column elementor-col-50 elementor-inner-column elementor-element elementor-element-ac3145b\" data-id=\"ac3145b\" data-element_type=\"column\">\n\t\t\t<div class=\"elementor-widget-wrap elementor-element-populated\">\n\t\t\t\t\t\t\t\t<div class=\"elementor-element elementor-element-2521371 elementor-widget elementor-widget-text-editor\" data-id=\"2521371\" data-element_type=\"widget\" data-widget_type=\"text-editor.default\">\n\t\t\t\t<div class=\"elementor-widget-container\">\n\t\t\t<style>\/*! elementor - v3.18.0 - 20-12-2023 *\/\n.elementor-widget-text-editor.elementor-drop-cap-view-stacked .elementor-drop-cap{background-color:#69727d;color:#fff}.elementor-widget-text-editor.elementor-drop-cap-view-framed .elementor-drop-cap{color:#69727d;border:3px solid;background-color:transparent}.elementor-widget-text-editor:not(.elementor-drop-cap-view-default) .elementor-drop-cap{margin-top:8px}.elementor-widget-text-editor:not(.elementor-drop-cap-view-default) .elementor-drop-cap-letter{width:1em;height:1em}.elementor-widget-text-editor .elementor-drop-cap{float:left;text-align:center;line-height:1;font-size:50px}.elementor-widget-text-editor .elementor-drop-cap-letter{display:inline-block}<\/style>\t\t\t\t<p>Antalya&#8217;n\u0131n \u00f6nde gelen hurdac\u0131 firmalar\u0131ndan biri olan Ta\u015fkarde\u015fler Hurdac\u0131l\u0131k, 10 y\u0131l\u0131 a\u015fk\u0131n s\u00fcredir geri d\u00f6n\u00fc\u015f\u00fcm sekt\u00f6r\u00fcnde kalitesi ve g\u00fcvenilirli\u011fi ile \u00f6n plana \u00e7\u0131kmaktad\u0131r. Kuruldu\u011fu g\u00fcnden bu yana, metal hurdalar\u0131n toplanmas\u0131, i\u015flenmesi ve geri d\u00f6n\u00fc\u015ft\u00fcr\u00fclmesi konusundaki uzmanl\u0131\u011f\u0131n\u0131 s\u00fcrekli geli\u015ftiren firma, \u00e7evresel sorumluluk anlay\u0131\u015f\u0131yla hareket ederek s\u00fcrd\u00fcr\u00fclebilir bir gelece\u011fe katk\u0131da bulunmaktad\u0131r.<\/p>\t\t\t\t\t\t<\/div>\n\t\t\t\t<\/div>\n\t\t\t\t<div class=\"elementor-element elementor-element-b97bfe5 elementor-widget elementor-widget-text-editor\" data-id=\"b97bfe5\" data-element_type=\"widget\" data-widget_type=\"text-editor.default\">\n\t\t\t\t<div class=\"elementor-widget-container\">\n\t\t\t\t\t\t\t<p><strong>Geri D\u00f6n\u00fc\u015f\u00fcmde Teknolojik \u00c7\u00f6z\u00fcmler<\/strong><\/p><p>Ta\u015fkarde\u015fler Hurdac\u0131l\u0131k, modern tesislerinde en son teknolojiyi kullanarak hurda metal i\u015fleme s\u00fcre\u00e7lerini optimize etmektedir. Bu sayede, m\u00fc\u015fterilere daha h\u0131zl\u0131 ve etkili hizmet sunarken \u00e7evresel etkiyi minimize etmeyi ama\u00e7lamaktad\u0131r. Firman\u0131n uzman ekibi, metal at\u0131klar\u0131 do\u011fru bir \u015fekilde s\u0131n\u0131fland\u0131rarak, geri d\u00f6n\u00fc\u015f\u00fcm s\u00fcrecinin her a\u015famas\u0131nda etkin bir rol oynamaktad\u0131r.<\/p>\t\t\t\t\t\t<\/div>\n\t\t\t\t<\/div>\n\t\t\t\t<div class=\"elementor-element elementor-element-d6f697c elementor-widget elementor-widget-text-editor\" data-id=\"d6f697c\" data-element_type=\"widget\" data-widget_type=\"text-editor.default\">\n\t\t\t\t<div class=\"elementor-widget-container\">\n\t\t\t\t\t\t\t<p><strong>M\u00fc\u015fteri Memnuniyeti \u00d6nceli\u011fimizdir<\/strong><\/p><p>Ta\u015fkarde\u015fler Hurdac\u0131l\u0131k, m\u00fc\u015fteri memnuniyetini her zaman \u00f6ncelik olarak g\u00f6rmektedir. Kaliteli hizmet anlay\u0131\u015f\u0131, d\u00fcr\u00fcstl\u00fck ve g\u00fcvenilirlik ilkeleri \u00e7er\u00e7evesinde hareket eden firma, m\u00fc\u015fterilerine en iyi \u00e7\u00f6z\u00fcmleri sunmay\u0131 ama\u00e7lamaktad\u0131r. Hurdalar\u0131n\u0131z\u0131n geri d\u00f6n\u00fc\u015f\u00fcm s\u00fcrecinde do\u011fru bir \u015fekilde de\u011ferlendirilmesi i\u00e7in Ta\u015fkarde\u015fler Hurdac\u0131l\u0131k sizin yan\u0131n\u0131zda.<\/p>\t\t\t\t\t\t<\/div>\n\t\t\t\t<\/div>\n\t\t\t\t\t<\/div>\n\t\t<\/div>\n\t\t\t\t\t\t\t<\/div>\n\t\t<\/section>\n\t\t\t\t\t<\/div>\n\t\t<\/div>\n\t\t\t\t\t\t\t<\/div>\n\t\t<\/section>\n\t\t<div class=\"elementor-element elementor-element-b576184 e-flex e-con-boxed e-con e-parent\" data-id=\"b576184\" data-element_type=\"container\" data-settings=\"{&quot;content_width&quot;:&quot;boxed&quot;}\" data-core-v316-plus=\"true\">\n\t\t\t\t\t<div class=\"e-con-inner\">\n\t\t\t\t<div class=\"elementor-element elementor-element-10b0708 elementor-widget elementor-widget-spacer\" data-id=\"10b0708\" data-element_type=\"widget\" data-widget_type=\"spacer.default\">\n\t\t\t\t<div class=\"elementor-widget-container\">\n\t\t\t<style>\/*! elementor - v3.18.0 - 20-12-2023 *\/\n.elementor-column .elementor-spacer-inner{height:var(--spacer-size)}.e-con{--container-widget-width:100%}.e-con-inner>.elementor-widget-spacer,.e-con>.elementor-widget-spacer{width:var(--container-widget-width,var(--spacer-size));--align-self:var(--container-widget-align-self,initial);--flex-shrink:0}.e-con-inner>.elementor-widget-spacer>.elementor-widget-container,.e-con>.elementor-widget-spacer>.elementor-widget-container{height:100%;width:100%}.e-con-inner>.elementor-widget-spacer>.elementor-widget-container>.elementor-spacer,.e-con>.elementor-widget-spacer>.elementor-widget-container>.elementor-spacer{height:100%}.e-con-inner>.elementor-widget-spacer>.elementor-widget-container>.elementor-spacer>.elementor-spacer-inner,.e-con>.elementor-widget-spacer>.elementor-widget-container>.elementor-spacer>.elementor-spacer-inner{height:var(--container-widget-height,var(--spacer-size))}.e-con-inner>.elementor-widget-spacer.elementor-widget-empty,.e-con>.elementor-widget-spacer.elementor-widget-empty{position:relative;min-height:22px;min-width:22px}.e-con-inner>.elementor-widget-spacer.elementor-widget-empty .elementor-widget-empty-icon,.e-con>.elementor-widget-spacer.elementor-widget-empty .elementor-widget-empty-icon{position:absolute;top:0;bottom:0;left:0;right:0;margin:auto;padding:0;width:22px;height:22px}<\/style>\t\t<div class=\"elementor-spacer\">\n\t\t\t<div class=\"elementor-spacer-inner\"><\/div>\n\t\t<\/div>\n\t\t\t\t<\/div>\n\t\t\t\t<\/div>\n\t\t\t\t\t<\/div>\n\t\t\t\t<\/div>\n\t\t\t\t\t\t\t<\/div>\n\t\t","protected":false},"excerpt":{"rendered":"<p class=\"tx-excerpt\">Biz Kimiz? Ta\u015fkarde\u015fler Hurda ve geri d\u00f6n\u00fc\u015f\u00fcm firmas\u0131 olarak siz de\u011ferli m\u00fc\u015fterilerimize her zaman g\u00fcven vermi\u015ftir , De\u011ferinde al\u0131nan ikinci el e\u015fya veya hurdalar\u0131n\u0131z\u0131 her zaman en iyi de\u011ferlerini koruyarak sizlere en iyi","protected":false},"author":1,"featured_media":0,"parent":0,"menu_order":0,"comment_status":"closed","ping_status":"closed","template":"templates\/blank.php","meta":{"footnotes":""},"yoast_head":"<!-- This site is optimized with the Yoast SEO plugin v22.1 - https:\/\/yoast.com\/wordpress\/plugins\/seo\/ -->\n<title>Hakk\u0131m\u0131zda - taskardesler hurda<\/title>\n<meta name=\"robots\" content=\"index, follow, max-snippet:-1, max-image-preview:large, max-video-preview:-1\" \/>\n<link rel=\"canonical\" href=\"https:\/\/taskardeslerhurda.com\/index.php\/hakkimizda\/\" \/>\n<meta property=\"og:locale\" content=\"tr_TR\" \/>\n<meta property=\"og:type\" content=\"article\" \/>\n<meta property=\"og:title\" content=\"Hakk\u0131m\u0131zda - taskardesler hurda\" \/>\n<meta property=\"og:description\" content=\"Biz Kimiz? Ta\u015fkarde\u015fler Hurda ve geri d\u00f6n\u00fc\u015f\u00fcm firmas\u0131 olarak siz de\u011ferli m\u00fc\u015fterilerimize her zaman g\u00fcven vermi\u015ftir , De\u011ferinde al\u0131nan ikinci el e\u015fya veya hurdalar\u0131n\u0131z\u0131 her zaman en iyi de\u011ferlerini koruyarak sizlere en iyi teklifleri sunmu\u015ftur. Antalya&#8217;n\u0131n \u00f6nde gelen hurdac\u0131 firmalar\u0131ndan biri olan Ta\u015fkarde\u015fler Hurdac\u0131l\u0131k, 10 y\u0131l\u0131 a\u015fk\u0131n s\u00fcredir geri d\u00f6n\u00fc\u015f\u00fcm sekt\u00f6r\u00fcnde kalitesi ve g\u00fcvenilirli\u011fi ile [&hellip;]\" \/>\n<meta property=\"og:url\" content=\"https:\/\/taskardeslerhurda.com\/index.php\/hakkimizda\/\" \/>\n<meta property=\"og:site_name\" content=\"taskardesler hurda\" \/>\n<meta property=\"article:modified_time\" content=\"2024-01-19T16:00:12+00:00\" \/>\n<meta property=\"og:image\" content=\"https:\/\/taskardeslerhurda.com\/wp-content\/uploads\/2024\/01\/antalya-hurdaci-tas-kardesler-1.jpg\" \/>\n<meta name=\"twitter:card\" content=\"summary_large_image\" \/>\n<meta name=\"twitter:label1\" content=\"Tahmini okuma s\u00fcresi\" \/>\n\t<meta name=\"twitter:data1\" content=\"1 dakika\" \/>\n<script type=\"application\/ld+json\" class=\"yoast-schema-graph\">{\"@context\":\"https:\/\/schema.org\",\"@graph\":[{\"@type\":\"WebPage\",\"@id\":\"https:\/\/taskardeslerhurda.com\/index.php\/hakkimizda\/\",\"url\":\"https:\/\/taskardeslerhurda.com\/index.php\/hakkimizda\/\",\"name\":\"Hakk\u0131m\u0131zda - taskardesler hurda\",\"isPartOf\":{\"@id\":\"https:\/\/taskardeslerhurda.com\/#website\"},\"datePublished\":\"2019-11-22T17:17:28+00:00\",\"dateModified\":\"2024-01-19T16:00:12+00:00\",\"breadcrumb\":{\"@id\":\"https:\/\/taskardeslerhurda.com\/index.php\/hakkimizda\/#breadcrumb\"},\"inLanguage\":\"tr\",\"potentialAction\":[{\"@type\":\"ReadAction\",\"target\":[\"https:\/\/taskardeslerhurda.com\/index.php\/hakkimizda\/\"]}]},{\"@type\":\"BreadcrumbList\",\"@id\":\"https:\/\/taskardeslerhurda.com\/index.php\/hakkimizda\/#breadcrumb\",\"itemListElement\":[{\"@type\":\"ListItem\",\"position\":1,\"name\":\"Anasayfa\",\"item\":\"https:\/\/taskardeslerhurda.com\/\"},{\"@type\":\"ListItem\",\"position\":2,\"name\":\"Hakk\u0131m\u0131zda\"}]},{\"@type\":\"WebSite\",\"@id\":\"https:\/\/taskardeslerhurda.com\/#website\",\"url\":\"https:\/\/taskardeslerhurda.com\/\",\"name\":\"taskardesler hurda\",\"description\":\"\",\"publisher\":{\"@id\":\"https:\/\/taskardeslerhurda.com\/#organization\"},\"potentialAction\":[{\"@type\":\"SearchAction\",\"target\":{\"@type\":\"EntryPoint\",\"urlTemplate\":\"https:\/\/taskardeslerhurda.com\/?s={search_term_string}\"},\"query-input\":\"required name=search_term_string\"}],\"inLanguage\":\"tr\"},{\"@type\":\"Organization\",\"@id\":\"https:\/\/taskardeslerhurda.com\/#organization\",\"name\":\"taskardesler hurda\",\"url\":\"https:\/\/taskardeslerhurda.com\/\",\"logo\":{\"@type\":\"ImageObject\",\"inLanguage\":\"tr\",\"@id\":\"https:\/\/taskardeslerhurda.com\/#\/schema\/logo\/image\/\",\"url\":\"https:\/\/taskardeslerhurda.com\/wp-content\/uploads\/2024\/01\/TasKardeslerLogo-1.png\",\"contentUrl\":\"https:\/\/taskardeslerhurda.com\/wp-content\/uploads\/2024\/01\/TasKardeslerLogo-1.png\",\"width\":8000,\"height\":4500,\"caption\":\"taskardesler hurda\"},\"image\":{\"@id\":\"https:\/\/taskardeslerhurda.com\/#\/schema\/logo\/image\/\"}}]}<\/script>\n<!-- \/ Yoast SEO plugin. -->","yoast_head_json":{"title":"Hakk\u0131m\u0131zda - taskardesler hurda","robots":{"index":"index","follow":"follow","max-snippet":"max-snippet:-1","max-image-preview":"max-image-preview:large","max-video-preview":"max-video-preview:-1"},"canonical":"https:\/\/taskardeslerhurda.com\/index.php\/hakkimizda\/","og_locale":"tr_TR","og_type":"article","og_title":"Hakk\u0131m\u0131zda - taskardesler hurda","og_description":"Biz Kimiz? Ta\u015fkarde\u015fler Hurda ve geri d\u00f6n\u00fc\u015f\u00fcm firmas\u0131 olarak siz de\u011ferli m\u00fc\u015fterilerimize her zaman g\u00fcven vermi\u015ftir , De\u011ferinde al\u0131nan ikinci el e\u015fya veya hurdalar\u0131n\u0131z\u0131 her zaman en iyi de\u011ferlerini koruyarak sizlere en iyi teklifleri sunmu\u015ftur. Antalya&#8217;n\u0131n \u00f6nde gelen hurdac\u0131 firmalar\u0131ndan biri olan Ta\u015fkarde\u015fler Hurdac\u0131l\u0131k, 10 y\u0131l\u0131 a\u015fk\u0131n s\u00fcredir geri d\u00f6n\u00fc\u015f\u00fcm sekt\u00f6r\u00fcnde kalitesi ve g\u00fcvenilirli\u011fi ile [&hellip;]","og_url":"https:\/\/taskardeslerhurda.com\/index.php\/hakkimizda\/","og_site_name":"taskardesler hurda","article_modified_time":"2024-01-19T16:00:12+00:00","og_image":[{"url":"https:\/\/taskardeslerhurda.com\/wp-content\/uploads\/2024\/01\/antalya-hurdaci-tas-kardesler-1.jpg"}],"twitter_card":"summary_large_image","twitter_misc":{"Tahmini okuma s\u00fcresi":"1 dakika"},"schema":{"@context":"https:\/\/schema.org","@graph":[{"@type":"WebPage","@id":"https:\/\/taskardeslerhurda.com\/index.php\/hakkimizda\/","url":"https:\/\/taskardeslerhurda.com\/index.php\/hakkimizda\/","name":"Hakk\u0131m\u0131zda - taskardesler hurda","isPartOf":{"@id":"https:\/\/taskardeslerhurda.com\/#website"},"datePublished":"2019-11-22T17:17:28+00:00","dateModified":"2024-01-19T16:00:12+00:00","breadcrumb":{"@id":"https:\/\/taskardeslerhurda.com\/index.php\/hakkimizda\/#breadcrumb"},"inLanguage":"tr","potentialAction":[{"@type":"ReadAction","target":["https:\/\/taskardeslerhurda.com\/index.php\/hakkimizda\/"]}]},{"@type":"BreadcrumbList","@id":"https:\/\/taskardeslerhurda.com\/index.php\/hakkimizda\/#breadcrumb","itemListElement":[{"@type":"ListItem","position":1,"name":"Anasayfa","item":"https:\/\/taskardeslerhurda.com\/"},{"@type":"ListItem","position":2,"name":"Hakk\u0131m\u0131zda"}]},{"@type":"WebSite","@id":"https:\/\/taskardeslerhurda.com\/#website","url":"https:\/\/taskardeslerhurda.com\/","name":"taskardesler hurda","description":"","publisher":{"@id":"https:\/\/taskardeslerhurda.com\/#organization"},"potentialAction":[{"@type":"SearchAction","target":{"@type":"EntryPoint","urlTemplate":"https:\/\/taskardeslerhurda.com\/?s={search_term_string}"},"query-input":"required name=search_term_string"}],"inLanguage":"tr"},{"@type":"Organization","@id":"https:\/\/taskardeslerhurda.com\/#organization","name":"taskardesler hurda","url":"https:\/\/taskardeslerhurda.com\/","logo":{"@type":"ImageObject","inLanguage":"tr","@id":"https:\/\/taskardeslerhurda.com\/#\/schema\/logo\/image\/","url":"https:\/\/taskardeslerhurda.com\/wp-content\/uploads\/2024\/01\/TasKardeslerLogo-1.png","contentUrl":"https:\/\/taskardeslerhurda.com\/wp-content\/uploads\/2024\/01\/TasKardeslerLogo-1.png","width":8000,"height":4500,"caption":"taskardesler hurda"},"image":{"@id":"https:\/\/taskardeslerhurda.com\/#\/schema\/logo\/image\/"}}]}},"_links":{"self":[{"href":"https:\/\/taskardeslerhurda.com\/index.php\/wp-json\/wp\/v2\/pages\/12"}],"collection":[{"href":"https:\/\/taskardeslerhurda.com\/index.php\/wp-json\/wp\/v2\/pages"}],"about":[{"href":"https:\/\/taskardeslerhurda.com\/index.php\/wp-json\/wp\/v2\/types\/page"}],"author":[{"embeddable":true,"href":"https:\/\/taskardeslerhurda.com\/index.php\/wp-json\/wp\/v2\/users\/1"}],"replies":[{"embeddable":true,"href":"https:\/\/taskardeslerhurda.com\/index.php\/wp-json\/wp\/v2\/comments?post=12"}],"version-history":[{"count":8,"href":"https:\/\/taskardeslerhurda.com\/index.php\/wp-json\/wp\/v2\/pages\/12\/revisions"}],"predecessor-version":[{"id":3497,"href":"https:\/\/taskardeslerhurda.com\/index.php\/wp-json\/wp\/v2\/pages\/12\/revisions\/3497"}],"wp:attachment":[{"href":"https:\/\/taskardeslerhurda.com\/index.php\/wp-json\/wp\/v2\/media?parent=12"}],"curies":[{"name":"wp","href":"https:\/\/api.w.org\/{rel}","templated":true}]}}